{"id":422,"date":"2018-01-15T17:02:00","date_gmt":"2018-01-15T16:02:00","guid":{"rendered":"https:\/\/www.applied-5g.de\/beispiel-seite\/"},"modified":"2019-07-18T10:29:33","modified_gmt":"2019-07-18T08:29:33","slug":"fic2018","status":"publish","type":"page","link":"https:\/\/www.applied-5g.de\/de\/fic2018\/","title":{"rendered":"FUTURE INDUSTRIAL COMMUNICATION | Berlin"},"content":{"rendered":"<h2 class=\"entry-title\">Drei Tage 5G Fachtagung \u201eFuture Industrial Communication\u201c in Berlin<\/h2>\n<p>&nbsp;<\/p>\n<h3>170 Teilnehmende, 26 Keynotes aus Industrie und Forschung, zw\u00f6lf Demonstratoren und 16 Experteninterviews<\/h3>\n<p>F\u00fchrende Forschungsinstitutionen und Industrieunternehmen im Bereich 5G trafen sich vom 11. bis 13. September 2018 zum interdisziplin\u00e4ren Informationsaustausch in Berlin. Die Teilnehmenden der Fachtagung \u201eFuture Industrial Communication\u201c ziehen ein positives Fazit: Deutschland bewegt sich mit der Fokussierung der 5G Forschung und Entwicklung auf die industrielle Anwendung in der \u201eK\u00f6nigsklasse\u201c der 5G Umsetzung. Hoch spezialisierte Technologien, individuelle L\u00f6sungen basierend auf Anwenderwissen sowie Qualit\u00e4t und Zuverl\u00e4ssigkeit wird den 5G Markt in Deutschland voranbringen.<\/p>\n<p>&#8230;<a href=\"https:\/\/www.ip45g.de\/drei-tage-5g-fachtagung-future-industrial-communication-in-berlin\/\">weiterlesen auf ip45g.de<\/a><\/p>\n<p>&nbsp;<\/p>\n<figure id=\"attachment_882\"  class=\"wp-caption aligncenter\"><img loading=\"lazy\" decoding=\"async\" class=\"size-full wp-image-882\" src=\"https:\/\/www.applied-5g.de\/wp-content\/uploads\/2018\/09\/MIKA-fotografie-Berlin-BMBF-5G-2018-006_web.jpg\" alt=\"Prof. Johannes Bl\u00f6mer | Universit\u00e4t Paderborn Ina Karabasz | Handelsblatt Dr. Heike Prasse | BMBF Dr. Gunnar Schomaker | SICP Dr. Lutz Stobbe | Fraunhofer IZM\" width=\"800\" height=\"533\" srcset=\"https:\/\/www.applied-5g.de\/wp-content\/uploads\/2018\/09\/MIKA-fotografie-Berlin-BMBF-5G-2018-006_web.jpg 800w, https:\/\/www.applied-5g.de\/wp-content\/uploads\/2018\/09\/MIKA-fotografie-Berlin-BMBF-5G-2018-006_web-150x100.jpg 150w, https:\/\/www.applied-5g.de\/wp-content\/uploads\/2018\/09\/MIKA-fotografie-Berlin-BMBF-5G-2018-006_web-300x200.jpg 300w, https:\/\/www.applied-5g.de\/wp-content\/uploads\/2018\/09\/MIKA-fotografie-Berlin-BMBF-5G-2018-006_web-768x512.jpg 768w, https:\/\/www.applied-5g.de\/wp-content\/uploads\/2018\/09\/MIKA-fotografie-Berlin-BMBF-5G-2018-006_web-640x426.jpg 640w\" sizes=\"auto, (max-width: 639px) 98vw, (max-width: 1199px) 64vw, 770px\" \/><figcaption class=\"wp-caption-text\">Prof. Johannes Bl\u00f6mer | Universit\u00e4t Paderborn<br \/>Ina Karabasz | Handelsblatt<br \/>Dr. Heike Prasse | BMBF<br \/>Dr. Gunnar Schomaker | SICP<br \/>Dr. Lutz Stobbe | Fraunhofer IZM<\/figcaption><\/figure>\n<p>Weitere Informationen sowie die gesamte Pressemitteilung finden Sie <strong><a href=\"https:\/\/www.ip45g.de\/drei-tage-5g-fachtagung-future-industrial-communication-in-berlin\/\">hier<\/a><\/strong>.<\/p>\n<p><span style=\"color: #808080;\">(Foto:&nbsp;<a style=\"color: #808080;\" href=\"https:\/\/www.mika-fotografie.berlin\/\" target=\"_blank\" rel=\"noopener noreferrer\">MIKA-fotografie | Berlin)<\/a><\/span><\/p>\n<p>&nbsp;<\/p>\n<div class=\"row ipgallery small-up-2 medium-up-5\">\n<div class=\"column\"><\/div>\n<\/div>\n<p>&nbsp;<\/p>\n","protected":false},"excerpt":{"rendered":"<p>Drei Tage 5G Fachtagung \u201eFuture Industrial Communication\u201c in Berlin &nbsp; 170 Teilnehmende, 26 Keynotes aus Industrie und Forschung, zw\u00f6lf Demonstratoren und 16 Experteninterviews F\u00fchrende Forschungsinstitutionen und Industrieunternehmen im Bereich 5G trafen sich vom 11. bis 13. September 2018 zum interdisziplin\u00e4ren Informationsaustausch in Berlin. Die Teilnehmenden der Fachtagung \u201eFuture Industrial Communication\u201c ziehen ein positives Fazit: Deutschland [&hellip;]<\/p>\n","protected":false},"author":1,"featured_media":0,"parent":0,"menu_order":0,"comment_status":"closed","ping_status":"closed","template":"page-templates\/front.php","meta":{"_acf_changed":false,"footnotes":""},"class_list":["post-422","page","type-page","status-publish","hentry"],"acf":[],"yoast_head":"<!-- This site is optimized with the Yoast SEO plugin v27.4 - https:\/\/yoast.com\/product\/yoast-seo-wordpress\/ -->\n<title>FUTURE INDUSTRIAL COMMUNICATION | Berlin - FUTURE INDUSTRIAL COMMUNICATION<\/title>\n<meta name=\"robots\" content=\"index, follow, max-snippet:-1, max-image-preview:large, max-video-preview:-1\" \/>\n<link rel=\"canonical\" href=\"https:\/\/www.applied-5g.de\/de\/fic2018\/\" \/>\n<meta property=\"og:locale\" content=\"de_DE\" \/>\n<meta property=\"og:type\" content=\"article\" \/>\n<meta property=\"og:title\" content=\"FUTURE INDUSTRIAL COMMUNICATION | Berlin - FUTURE INDUSTRIAL COMMUNICATION\" \/>\n<meta property=\"og:description\" content=\"Drei Tage 5G Fachtagung \u201eFuture Industrial Communication\u201c in Berlin &nbsp; 170 Teilnehmende, 26 Keynotes aus Industrie und Forschung, zw\u00f6lf Demonstratoren und 16 Experteninterviews F\u00fchrende Forschungsinstitutionen und Industrieunternehmen im Bereich 5G trafen sich vom 11. bis 13. September 2018 zum interdisziplin\u00e4ren Informationsaustausch in Berlin. Die Teilnehmenden der Fachtagung \u201eFuture Industrial Communication\u201c ziehen ein positives Fazit: Deutschland [&hellip;]\" \/>\n<meta property=\"og:url\" content=\"https:\/\/www.applied-5g.de\/de\/fic2018\/\" \/>\n<meta property=\"og:site_name\" content=\"FUTURE INDUSTRIAL COMMUNICATION\" \/>\n<meta property=\"article:modified_time\" content=\"2019-07-18T08:29:33+00:00\" \/>\n<meta property=\"og:image\" content=\"https:\/\/www.applied-5g.de\/wp-content\/uploads\/2018\/09\/MIKA-fotografie-Berlin-BMBF-5G-2018-006_web.jpg\" \/>\n<meta name=\"twitter:card\" content=\"summary_large_image\" \/>\n<meta name=\"twitter:site\" content=\"@ip45g\" \/>\n<meta name=\"twitter:label1\" content=\"Gesch\u00e4tzte Lesezeit\" \/>\n\t<meta name=\"twitter:data1\" content=\"1\u00a0Minute\" \/>\n<script type=\"application\/ld+json\" class=\"yoast-schema-graph\">{\"@context\":\"https:\\\/\\\/schema.org\",\"@graph\":[{\"@type\":\"WebPage\",\"@id\":\"https:\\\/\\\/www.applied-5g.de\\\/de\\\/fic2018\\\/\",\"url\":\"https:\\\/\\\/www.applied-5g.de\\\/de\\\/fic2018\\\/\",\"name\":\"FUTURE INDUSTRIAL COMMUNICATION | Berlin - FUTURE INDUSTRIAL COMMUNICATION\",\"isPartOf\":{\"@id\":\"https:\\\/\\\/www.applied-5g.de\\\/#website\"},\"primaryImageOfPage\":{\"@id\":\"https:\\\/\\\/www.applied-5g.de\\\/de\\\/fic2018\\\/#primaryimage\"},\"image\":{\"@id\":\"https:\\\/\\\/www.applied-5g.de\\\/de\\\/fic2018\\\/#primaryimage\"},\"thumbnailUrl\":\"https:\\\/\\\/www.applied-5g.de\\\/wp-content\\\/uploads\\\/2018\\\/09\\\/MIKA-fotografie-Berlin-BMBF-5G-2018-006_web.jpg\",\"datePublished\":\"2018-01-15T16:02:00+00:00\",\"dateModified\":\"2019-07-18T08:29:33+00:00\",\"breadcrumb\":{\"@id\":\"https:\\\/\\\/www.applied-5g.de\\\/de\\\/fic2018\\\/#breadcrumb\"},\"inLanguage\":\"de\",\"potentialAction\":[{\"@type\":\"ReadAction\",\"target\":[\"https:\\\/\\\/www.applied-5g.de\\\/de\\\/fic2018\\\/\"]}]},{\"@type\":\"ImageObject\",\"inLanguage\":\"de\",\"@id\":\"https:\\\/\\\/www.applied-5g.de\\\/de\\\/fic2018\\\/#primaryimage\",\"url\":\"https:\\\/\\\/www.applied-5g.de\\\/wp-content\\\/uploads\\\/2018\\\/09\\\/MIKA-fotografie-Berlin-BMBF-5G-2018-006_web.jpg\",\"contentUrl\":\"https:\\\/\\\/www.applied-5g.de\\\/wp-content\\\/uploads\\\/2018\\\/09\\\/MIKA-fotografie-Berlin-BMBF-5G-2018-006_web.jpg\"},{\"@type\":\"BreadcrumbList\",\"@id\":\"https:\\\/\\\/www.applied-5g.de\\\/de\\\/fic2018\\\/#breadcrumb\",\"itemListElement\":[{\"@type\":\"ListItem\",\"position\":1,\"name\":\"Home\",\"item\":\"https:\\\/\\\/www.applied-5g.de\\\/de\\\/\"},{\"@type\":\"ListItem\",\"position\":2,\"name\":\"FUTURE INDUSTRIAL COMMUNICATION | Berlin\"}]},{\"@type\":\"WebSite\",\"@id\":\"https:\\\/\\\/www.applied-5g.de\\\/#website\",\"url\":\"https:\\\/\\\/www.applied-5g.de\\\/\",\"name\":\"FUTURE INDUSTRIAL COMMUNICATION\",\"description\":\"BMBF-FORSCHUNGSINITATIVEN 5G 11.-13. SEPTEMBER 2018 | BERLIN\",\"publisher\":{\"@id\":\"https:\\\/\\\/www.applied-5g.de\\\/#organization\"},\"potentialAction\":[{\"@type\":\"SearchAction\",\"target\":{\"@type\":\"EntryPoint\",\"urlTemplate\":\"https:\\\/\\\/www.applied-5g.de\\\/?s={search_term_string}\"},\"query-input\":{\"@type\":\"PropertyValueSpecification\",\"valueRequired\":true,\"valueName\":\"search_term_string\"}}],\"inLanguage\":\"de\"},{\"@type\":\"Organization\",\"@id\":\"https:\\\/\\\/www.applied-5g.de\\\/#organization\",\"name\":\"Future Industrial Communication\",\"url\":\"https:\\\/\\\/www.applied-5g.de\\\/\",\"logo\":{\"@type\":\"ImageObject\",\"inLanguage\":\"de\",\"@id\":\"https:\\\/\\\/www.applied-5g.de\\\/#\\\/schema\\\/logo\\\/image\\\/\",\"url\":\"https:\\\/\\\/www.applied-5g.de\\\/wp-content\\\/uploads\\\/2019\\\/09\\\/FIC_5G_2019.jpg\",\"contentUrl\":\"https:\\\/\\\/www.applied-5g.de\\\/wp-content\\\/uploads\\\/2019\\\/09\\\/FIC_5G_2019.jpg\",\"width\":768,\"height\":239,\"caption\":\"Future Industrial Communication\"},\"image\":{\"@id\":\"https:\\\/\\\/www.applied-5g.de\\\/#\\\/schema\\\/logo\\\/image\\\/\"},\"sameAs\":[\"https:\\\/\\\/x.com\\\/ip45g\"]}]}<\/script>\n<!-- \/ Yoast SEO plugin. -->","yoast_head_json":{"title":"FUTURE INDUSTRIAL COMMUNICATION | Berlin - FUTURE INDUSTRIAL COMMUNICATION","robots":{"index":"index","follow":"follow","max-snippet":"max-snippet:-1","max-image-preview":"max-image-preview:large","max-video-preview":"max-video-preview:-1"},"canonical":"https:\/\/www.applied-5g.de\/de\/fic2018\/","og_locale":"de_DE","og_type":"article","og_title":"FUTURE INDUSTRIAL COMMUNICATION | Berlin - FUTURE INDUSTRIAL COMMUNICATION","og_description":"Drei Tage 5G Fachtagung \u201eFuture Industrial Communication\u201c in Berlin &nbsp; 170 Teilnehmende, 26 Keynotes aus Industrie und Forschung, zw\u00f6lf Demonstratoren und 16 Experteninterviews F\u00fchrende Forschungsinstitutionen und Industrieunternehmen im Bereich 5G trafen sich vom 11. bis 13. September 2018 zum interdisziplin\u00e4ren Informationsaustausch in Berlin. Die Teilnehmenden der Fachtagung \u201eFuture Industrial Communication\u201c ziehen ein positives Fazit: Deutschland [&hellip;]","og_url":"https:\/\/www.applied-5g.de\/de\/fic2018\/","og_site_name":"FUTURE INDUSTRIAL COMMUNICATION","article_modified_time":"2019-07-18T08:29:33+00:00","og_image":[{"url":"https:\/\/www.applied-5g.de\/wp-content\/uploads\/2018\/09\/MIKA-fotografie-Berlin-BMBF-5G-2018-006_web.jpg","type":"","width":"","height":""}],"twitter_card":"summary_large_image","twitter_site":"@ip45g","twitter_misc":{"Gesch\u00e4tzte Lesezeit":"1\u00a0Minute"},"schema":{"@context":"https:\/\/schema.org","@graph":[{"@type":"WebPage","@id":"https:\/\/www.applied-5g.de\/de\/fic2018\/","url":"https:\/\/www.applied-5g.de\/de\/fic2018\/","name":"FUTURE INDUSTRIAL COMMUNICATION | Berlin - FUTURE INDUSTRIAL COMMUNICATION","isPartOf":{"@id":"https:\/\/www.applied-5g.de\/#website"},"primaryImageOfPage":{"@id":"https:\/\/www.applied-5g.de\/de\/fic2018\/#primaryimage"},"image":{"@id":"https:\/\/www.applied-5g.de\/de\/fic2018\/#primaryimage"},"thumbnailUrl":"https:\/\/www.applied-5g.de\/wp-content\/uploads\/2018\/09\/MIKA-fotografie-Berlin-BMBF-5G-2018-006_web.jpg","datePublished":"2018-01-15T16:02:00+00:00","dateModified":"2019-07-18T08:29:33+00:00","breadcrumb":{"@id":"https:\/\/www.applied-5g.de\/de\/fic2018\/#breadcrumb"},"inLanguage":"de","potentialAction":[{"@type":"ReadAction","target":["https:\/\/www.applied-5g.de\/de\/fic2018\/"]}]},{"@type":"ImageObject","inLanguage":"de","@id":"https:\/\/www.applied-5g.de\/de\/fic2018\/#primaryimage","url":"https:\/\/www.applied-5g.de\/wp-content\/uploads\/2018\/09\/MIKA-fotografie-Berlin-BMBF-5G-2018-006_web.jpg","contentUrl":"https:\/\/www.applied-5g.de\/wp-content\/uploads\/2018\/09\/MIKA-fotografie-Berlin-BMBF-5G-2018-006_web.jpg"},{"@type":"BreadcrumbList","@id":"https:\/\/www.applied-5g.de\/de\/fic2018\/#breadcrumb","itemListElement":[{"@type":"ListItem","position":1,"name":"Home","item":"https:\/\/www.applied-5g.de\/de\/"},{"@type":"ListItem","position":2,"name":"FUTURE INDUSTRIAL COMMUNICATION | Berlin"}]},{"@type":"WebSite","@id":"https:\/\/www.applied-5g.de\/#website","url":"https:\/\/www.applied-5g.de\/","name":"FUTURE INDUSTRIAL COMMUNICATION","description":"BMBF-FORSCHUNGSINITATIVEN 5G 11.-13. SEPTEMBER 2018 | BERLIN","publisher":{"@id":"https:\/\/www.applied-5g.de\/#organization"},"potentialAction":[{"@type":"SearchAction","target":{"@type":"EntryPoint","urlTemplate":"https:\/\/www.applied-5g.de\/?s={search_term_string}"},"query-input":{"@type":"PropertyValueSpecification","valueRequired":true,"valueName":"search_term_string"}}],"inLanguage":"de"},{"@type":"Organization","@id":"https:\/\/www.applied-5g.de\/#organization","name":"Future Industrial Communication","url":"https:\/\/www.applied-5g.de\/","logo":{"@type":"ImageObject","inLanguage":"de","@id":"https:\/\/www.applied-5g.de\/#\/schema\/logo\/image\/","url":"https:\/\/www.applied-5g.de\/wp-content\/uploads\/2019\/09\/FIC_5G_2019.jpg","contentUrl":"https:\/\/www.applied-5g.de\/wp-content\/uploads\/2019\/09\/FIC_5G_2019.jpg","width":768,"height":239,"caption":"Future Industrial Communication"},"image":{"@id":"https:\/\/www.applied-5g.de\/#\/schema\/logo\/image\/"},"sameAs":["https:\/\/x.com\/ip45g"]}]}},"_links":{"self":[{"href":"https:\/\/www.applied-5g.de\/de\/wp-json\/wp\/v2\/pages\/422\/"}],"collection":[{"href":"https:\/\/www.applied-5g.de\/de\/wp-json\/wp\/v2\/pages\/"}],"about":[{"href":"https:\/\/www.applied-5g.de\/de\/wp-json\/wp\/v2\/types\/page\/"}],"author":[{"embeddable":true,"href":"https:\/\/www.applied-5g.de\/de\/wp-json\/wp\/v2\/users\/1\/"}],"replies":[{"embeddable":true,"href":"https:\/\/www.applied-5g.de\/de\/wp-json\/wp\/v2\/comments\/?post=422"}],"version-history":[{"count":13,"href":"https:\/\/www.applied-5g.de\/de\/wp-json\/wp\/v2\/pages\/422\/revisions\/"}],"predecessor-version":[{"id":1174,"href":"https:\/\/www.applied-5g.de\/de\/wp-json\/wp\/v2\/pages\/422\/revisions\/1174\/"}],"wp:attachment":[{"href":"https:\/\/www.applied-5g.de\/de\/wp-json\/wp\/v2\/media\/?parent=422"}],"curies":[{"name":"wp","href":"https:\/\/api.w.org\/{rel}","templated":true}]}}